{"id":1347,"date":"2024-05-19T23:04:11","date_gmt":"2024-05-19T23:04:11","guid":{"rendered":"https:\/\/darcapressline.com\/?page_id=1347"},"modified":"2024-05-19T23:05:44","modified_gmt":"2024-05-19T23:05:44","slug":"newsevents","status":"publish","type":"page","link":"https:\/\/darcapressline.com\/vi\/tin-tucsu-kien\/","title":{"rendered":"Tin t\u1ee9c &amp; S\u1ef1 ki\u1ec7n"},"content":{"rendered":"<div data-elementor-type=\"wp-page\" data-elementor-id=\"1347\" class=\"elementor elementor-1347\" data-elementor-post-type=\"page\">\n\t\t\t\t\t\t<section class=\"elementor-section elementor-top-section elementor-element elementor-element-9925ffe elementor-section-boxed elementor-section-height-default elementor-section-height-default\" data-id=\"9925ffe\" data-element_type=\"section\">\n\t\t\t\t\t\t<div class=\"elementor-container elementor-column-gap-default\">\n\t\t\t\t\t<div class=\"elementor-column elementor-col-100 elementor-top-column elementor-element elementor-element-b0200a6\" data-id=\"b0200a6\" data-element_type=\"column\">\n\t\t\t<div class=\"elementor-widget-wrap elementor-element-populated\">\n\t\t\t\t\t\t<div class=\"elementor-element elementor-element-af187bf elementor-grid-2 elementor-grid-tablet-2 elementor-grid-mobile-1 elementor-posts--thumbnail-top elementor-widget elementor-widget-posts\" data-id=\"af187bf\" data-element_type=\"widget\" data-settings=\"{&quot;classic_columns&quot;:&quot;2&quot;,&quot;classic_columns_tablet&quot;:&quot;2&quot;,&quot;classic_columns_mobile&quot;:&quot;1&quot;,&quot;classic_row_gap&quot;:{&quot;unit&quot;:&quot;px&quot;,&quot;size&quot;:35,&quot;sizes&quot;:[]},&quot;classic_row_gap_tablet&quot;:{&quot;unit&quot;:&quot;px&quot;,&quot;size&quot;:&quot;&quot;,&quot;sizes&quot;:[]},&quot;classic_row_gap_mobile&quot;:{&quot;unit&quot;:&quot;px&quot;,&quot;size&quot;:&quot;&quot;,&quot;sizes&quot;:[]}}\" data-widget_type=\"posts.classic\">\n\t\t\t\t<div class=\"elementor-widget-container\">\n\t\t\t\t\t\t\t<div class=\"elementor-posts-container elementor-posts elementor-posts--skin-classic elementor-grid\">\n\t\t\t\t<article class=\"elementor-post elementor-grid-item post-1331 post type-post status-publish format-standard hentry category-uncategorized\">\n\t\t\t\t<div class=\"elementor-post__text\">\n\t\t\t\t<h3 class=\"elementor-post__title\">\n\t\t\t<a href=\"https:\/\/darcapressline.com\/vi\/darca-toa-sang-tai-hoi-cho-do-noi-that-quoc-te-trung-quoc-lan-thu-53-quang-chau\/\" >\n\t\t\t\tDARCA t\u1ecfa s\u00e1ng t\u1ea1i H\u1ed9i ch\u1ee3 n\u1ed9i th\u1ea5t qu\u1ed1c t\u1ebf Trung Qu\u1ed1c l\u1ea7n th\u1ee9 53 (Qu\u1ea3ng Ch\u00e2u)\t\t\t<\/a>\n\t\t<\/h3>\n\t\t\t\t<div class=\"elementor-post__excerpt\">\n\t\t\t<p>Qu\u1ea3ng Ch\u00e2u, Trung Qu\u1ed1c \u2013 Ng\u00e0y 18-21 th\u00e1ng 3 n\u0103m 2024 DARCA, m\u1ed9t c\u00f4ng ty h\u00e0ng \u0111\u1ea7u n\u1ed5i ti\u1ebfng trong l\u0129nh v\u1ef1c \u00e9p n\u00f3ng t\u1ea5m ph\u1ee7 melamine t\u1ef1 \u0111\u1ed9ng, c\u00f9ng v\u1edbi nhi\u1ec1u lo\u1ea1i s\u1ea3n ph\u1ea9m \u0111a d\u1ea1ng<\/p>\n\t\t<\/div>\n\t\t\n\t\t<a class=\"elementor-post__read-more\" href=\"https:\/\/darcapressline.com\/vi\/darca-toa-sang-tai-hoi-cho-do-noi-that-quoc-te-trung-quoc-lan-thu-53-quang-chau\/\" aria-label=\"\u0110\u1ecdc th\u00eam v\u1ec1 DARCA t\u1ecfa s\u00e1ng t\u1ea1i H\u1ed9i ch\u1ee3 n\u1ed9i th\u1ea5t qu\u1ed1c t\u1ebf Trung Qu\u1ed1c l\u1ea7n th\u1ee9 53 (Qu\u1ea3ng Ch\u00e2u)\" tabindex=\"-1\" >\n\t\t\t\u0110\u1ecdc th\u00eam \u00bb\t\t<\/a>\n\n\t\t\t\t<\/div>\n\t\t\t\t<\/article>\n\t\t\t\t<article class=\"elementor-post elementor-grid-item post-1320 post type-post status-publish format-standard hentry category-uncategorized\">\n\t\t\t\t<div class=\"elementor-post__text\">\n\t\t\t\t<h3 class=\"elementor-post__title\">\n\t\t\t<a href=\"https:\/\/darcapressline.com\/vi\/day-chuyen-ep-chu-ky-ngan\/\" >\n\t\t\t\tD\u00e2y chuy\u1ec1n \u00e9p chu k\u1ef3 ng\u1eafn\t\t\t<\/a>\n\t\t<\/h3>\n\t\t\t\t<div class=\"elementor-post__excerpt\">\n\t\t\t<p>D\u00e2y chuy\u1ec1n \u00e9p chu k\u1ef3 ng\u1eafn \u2013 H\u01b0\u1edbng d\u1eabn c\u00e2u h\u1ecfi th\u01b0\u1eddng g\u1eb7p cu\u1ed1i c\u00f9ng N\u1ebfu b\u1ea1n \u0111ang t\u00ecm ki\u1ebfm m\u1ed9t nh\u00e0 s\u1ea3n xu\u1ea5t m\u00e1y \u00e9p chu k\u1ef3 ng\u1eafn \u0111\u00e1ng tin c\u1eady v\u00e0 b\u1ea1n kh\u00f4ng th\u1ec3<\/p>\n\t\t<\/div>\n\t\t\n\t\t<a class=\"elementor-post__read-more\" href=\"https:\/\/darcapressline.com\/vi\/day-chuyen-ep-chu-ky-ngan\/\" aria-label=\"\u0110\u1ecdc th\u00eam v\u1ec1 D\u00f2ng m\u00e1y \u00e9p chu k\u1ef3 ng\u1eafn\" tabindex=\"-1\" >\n\t\t\t\u0110\u1ecdc th\u00eam \u00bb\t\t<\/a>\n\n\t\t\t\t<\/div>\n\t\t\t\t<\/article>\n\t\t\t\t<article class=\"elementor-post elementor-grid-item post-1313 post type-post status-publish format-standard hentry category-uncategorized\">\n\t\t\t\t<div class=\"elementor-post__text\">\n\t\t\t\t<h3 class=\"elementor-post__title\">\n\t\t\t<a href=\"https:\/\/darcapressline.com\/vi\/may-ep-da-cua-2\/\" >\n\t\t\t\tM\u00e1y \u00e9p da c\u1eeda\t\t\t<\/a>\n\t\t<\/h3>\n\t\t\t\t<div class=\"elementor-post__excerpt\">\n\t\t\t<p>M\u00e1y \u00e9p da c\u1eeda C\u00f3 l\u1ebd m\u1ed9t trong nh\u1eefng b\u1ed5 sung m\u1edbi nh\u1ea5t tr\u00ean th\u1ecb tr\u01b0\u1eddng th\u1ee7y l\u1ef1c l\u00e0 m\u00e1y \u00e9p da c\u1eeda. \u0110\u00e2y l\u00e0 m\u1ed9t trong nh\u1eefng m\u00e1y t\u1ed1t nh\u1ea5t<\/p>\n\t\t<\/div>\n\t\t\n\t\t<a class=\"elementor-post__read-more\" href=\"https:\/\/darcapressline.com\/vi\/may-ep-da-cua-2\/\" aria-label=\"\u0110\u1ecdc th\u00eam v\u1ec1 M\u00e1y \u00e9p da c\u1eeda\" tabindex=\"-1\" >\n\t\t\t\u0110\u1ecdc th\u00eam \u00bb\t\t<\/a>\n\n\t\t\t\t<\/div>\n\t\t\t\t<\/article>\n\t\t\t\t<article class=\"elementor-post elementor-grid-item post-1306 post type-post status-publish format-standard hentry category-uncategorized\">\n\t\t\t\t<div class=\"elementor-post__text\">\n\t\t\t\t<h3 class=\"elementor-post__title\">\n\t\t\t<a href=\"https:\/\/darcapressline.com\/vi\/day-chuyen-ep-nong-chu-ky-ngan-2\/\" >\n\t\t\t\tD\u00e2y chuy\u1ec1n \u00e9p n\u00f3ng chu k\u1ef3 ng\u1eafn\t\t\t<\/a>\n\t\t<\/h3>\n\t\t\t\t<div class=\"elementor-post__excerpt\">\n\t\t\t<p>D\u00e2y chuy\u1ec1n \u00e9p n\u00f3ng chu k\u1ef3 ng\u1eafn C\u00f3 m\u1ed9t s\u1ef1 kh\u00e1c bi\u1ec7t l\u1edbn gi\u1eefa d\u00e2y chuy\u1ec1n chu k\u1ef3 ng\u1eafn ti\u00eau chu\u1ea9n v\u00e0 d\u00e2y chuy\u1ec1n \u00e9p n\u00f3ng chu k\u1ef3 ng\u1eafn, v\u00e0 s\u1ef1 kh\u00e1c bi\u1ec7t c\u1ee7a ch\u00fang c\u00f3 th\u1ec3 kh\u00f4ng<\/p>\n\t\t<\/div>\n\t\t\n\t\t<a class=\"elementor-post__read-more\" href=\"https:\/\/darcapressline.com\/vi\/day-chuyen-ep-nong-chu-ky-ngan-2\/\" aria-label=\"\u0110\u1ecdc th\u00eam v\u1ec1 D\u00e2y chuy\u1ec1n \u00e9p n\u00f3ng chu k\u1ef3 ng\u1eafn\" tabindex=\"-1\" >\n\t\t\t\u0110\u1ecdc th\u00eam \u00bb\t\t<\/a>\n\n\t\t\t\t<\/div>\n\t\t\t\t<\/article>\n\t\t\t\t<article class=\"elementor-post elementor-grid-item post-1296 post type-post status-publish format-standard hentry category-uncategorized\">\n\t\t\t\t<div class=\"elementor-post__text\">\n\t\t\t\t<h3 class=\"elementor-post__title\">\n\t\t\t<a href=\"https:\/\/darcapressline.com\/vi\/may-ep-nong-can-mang-melamine-mdf-chu-ky-ngan-2\/\" >\n\t\t\t\tM\u00e1y \u00e9p n\u00f3ng c\u00e1n Melamine chu k\u1ef3 ng\u1eafn MDF\t\t\t<\/a>\n\t\t<\/h3>\n\t\t\t\t<div class=\"elementor-post__excerpt\">\n\t\t\t<p>M\u00e1y \u00e9p n\u00f3ng c\u00e1n m\u00e0ng melamine MDF chu k\u1ef3 ng\u1eafn Nhi\u1ec1u c\u00f4ng ty x\u00e2y d\u1ef1ng, nh\u00e0 s\u1ea3n xu\u1ea5t \u0111\u1ed3 n\u1ed9i th\u1ea5t v\u00e0 c\u00e1c c\u00f4ng ty ch\u1ebf bi\u1ebfn g\u1ed7 l\u1edbn ch\u00fa \u00fd \u0111\u1ebfn m\u00e1y \u00e9p n\u00f3ng c\u00e1n m\u00e0ng melamine MDF chu k\u1ef3 ng\u1eafn<\/p>\n\t\t<\/div>\n\t\t\n\t\t<a class=\"elementor-post__read-more\" href=\"https:\/\/darcapressline.com\/vi\/may-ep-nong-can-mang-melamine-mdf-chu-ky-ngan-2\/\" aria-label=\"\u0110\u1ecdc th\u00eam v\u1ec1 M\u00e1y \u00e9p n\u00f3ng c\u00e1n Melamine chu k\u1ef3 ng\u1eafn MDF\" tabindex=\"-1\" >\n\t\t\t\u0110\u1ecdc th\u00eam \u00bb\t\t<\/a>\n\n\t\t\t\t<\/div>\n\t\t\t\t<\/article>\n\t\t\t\t<article class=\"elementor-post elementor-grid-item post-1289 post type-post status-publish format-standard hentry category-uncategorized\">\n\t\t\t\t<div class=\"elementor-post__text\">\n\t\t\t\t<h3 class=\"elementor-post__title\">\n\t\t\t<a href=\"https:\/\/darcapressline.com\/vi\/may-ep-khuon-2\/\" >\n\t\t\t\tM\u00e1y \u00e9p khu\u00f4n\t\t\t<\/a>\n\t\t<\/h3>\n\t\t\t\t<div class=\"elementor-post__excerpt\">\n\t\t\t<p>M\u00e1y \u00e9p khu\u00f4n T\u00f4i lu\u00f4n ngh\u0129 r\u1eb1ng m\u1ed9t s\u1ed1 s\u1ea3n ph\u1ea9m nh\u1ef1a, g\u1ed7 v\u00e0 th\u00e9p t\u00f9y ch\u1ec9nh ch\u00ednh x\u00e1c \u0111\u01b0\u1ee3c ch\u1ea1m kh\u1eafc b\u1eb1ng tay. T\u00f4i kh\u00f4ng bi\u1ebft<\/p>\n\t\t<\/div>\n\t\t\n\t\t<a class=\"elementor-post__read-more\" href=\"https:\/\/darcapressline.com\/vi\/may-ep-khuon-2\/\" aria-label=\"\u0110\u1ecdc th\u00eam v\u1ec1 M\u00e1y \u00e9p khu\u00f4n\" tabindex=\"-1\" >\n\t\t\t\u0110\u1ecdc th\u00eam \u00bb\t\t<\/a>\n\n\t\t\t\t<\/div>\n\t\t\t\t<\/article>\n\t\t\t\t<\/div>\n\t\t\n\t\t\t\t\t\t<\/div>\n\t\t\t\t<\/div>\n\t\t\t\t\t<\/div>\n\t\t<\/div>\n\t\t\t\t\t<\/div>\n\t\t<\/section>\n\t\t\t\t<\/div>","protected":false},"excerpt":{"rendered":"","protected":false},"author":1,"featured_media":0,"parent":0,"menu_order":0,"comment_status":"closed","ping_status":"closed","template":"","meta":{"_seopress_robots_primary_cat":"","_seopress_titles_title":"","_seopress_titles_desc":"","_seopress_robots_index":"","site-sidebar-layout":"no-sidebar","site-content-layout":"page-builder","ast-site-content-layout":"full-width-container","site-content-style":"default","site-sidebar-style":"default","ast-global-header-display":"","ast-banner-title-visibility":"","ast-main-header-display":"","ast-hfb-above-header-display":"","ast-hfb-below-header-display":"","ast-hfb-mobile-header-display":"","site-post-title":"disabled","ast-breadcrumbs-content":"","ast-featured-img":"disabled","footer-sml-layout":"","theme-transparent-header-meta":"","adv-header-id-meta":"","stick-header-meta":"","header-above-stick-meta":"","header-main-stick-meta":"","header-below-stick-meta":"","astra-migrate-meta-layouts":"set","ast-page-background-enabled":"default","ast-page-background-meta":{"desktop":{"background-color":"","background-image":"","background-repeat":"repeat","background-position":"center center","background-size":"auto","background-attachment":"scroll","background-type":"","background-media":"","overlay-type":"","overlay-color":"","overlay-opacity":"","overlay-gradient":""},"tablet":{"background-color":"","background-image":"","background-repeat":"repeat","background-position":"center center","background-size":"auto","background-attachment":"scroll","background-type":"","background-media":"","overlay-type":"","overlay-color":"","overlay-opacity":"","overlay-gradient":""},"mobile":{"background-color":"","background-image":"","background-repeat":"repeat","background-position":"center center","background-size":"auto","background-attachment":"scroll","background-type":"","background-media":"","overlay-type":"","overlay-color":"","overlay-opacity":"","overlay-gradient":""}},"ast-content-background-meta":{"desktop":{"background-color":"var(--ast-global-color-5)","background-image":"","background-repeat":"repeat","background-position":"center center","background-size":"auto","background-attachment":"scroll","background-type":"","background-media":"","overlay-type":"","overlay-color":"","overlay-opacity":"","overlay-gradient":""},"tablet":{"background-color":"var(--ast-global-color-5)","background-image":"","background-repeat":"repeat","background-position":"center center","background-size":"auto","background-attachment":"scroll","background-type":"","background-media":"","overlay-type":"","overlay-color":"","overlay-opacity":"","overlay-gradient":""},"mobile":{"background-color":"var(--ast-global-color-5)","background-image":"","background-repeat":"repeat","background-position":"center center","background-size":"auto","background-attachment":"scroll","background-type":"","background-media":"","overlay-type":"","overlay-color":"","overlay-opacity":"","overlay-gradient":""}},"footnotes":""},"class_list":["post-1347","page","type-page","status-publish","hentry"],"_links":{"self":[{"href":"https:\/\/darcapressline.com\/vi\/wp-json\/wp\/v2\/pages\/1347","targetHints":{"allow":["GET"]}}],"collection":[{"href":"https:\/\/darcapressline.com\/vi\/wp-json\/wp\/v2\/pages"}],"about":[{"href":"https:\/\/darcapressline.com\/vi\/wp-json\/wp\/v2\/types\/page"}],"author":[{"embeddable":true,"href":"https:\/\/darcapressline.com\/vi\/wp-json\/wp\/v2\/users\/1"}],"replies":[{"embeddable":true,"href":"https:\/\/darcapressline.com\/vi\/wp-json\/wp\/v2\/comments?post=1347"}],"version-history":[{"count":4,"href":"https:\/\/darcapressline.com\/vi\/wp-json\/wp\/v2\/pages\/1347\/revisions"}],"predecessor-version":[{"id":1353,"href":"https:\/\/darcapressline.com\/vi\/wp-json\/wp\/v2\/pages\/1347\/revisions\/1353"}],"wp:attachment":[{"href":"https:\/\/darcapressline.com\/vi\/wp-json\/wp\/v2\/media?parent=1347"}],"curies":[{"name":"wp","href":"https:\/\/api.w.org\/{rel}","templated":true}]}}