{"id":1080,"date":"2023-08-06T23:53:05","date_gmt":"2023-08-06T23:53:05","guid":{"rendered":"https:\/\/darcapressline.com\/?page_id=1080"},"modified":"2025-03-04T07:46:25","modified_gmt":"2025-03-04T07:46:25","slug":"video","status":"publish","type":"page","link":"https:\/\/darcapressline.com\/vi\/bang-hinh\/","title":{"rendered":"B\u0103ng h\u00ecnh"},"content":{"rendered":"<div data-elementor-type=\"wp-page\" data-elementor-id=\"1080\" class=\"elementor elementor-1080\" data-elementor-post-type=\"page\">\n\t\t\t\t\t\t<section class=\"elementor-section elementor-top-section elementor-element elementor-element-74e3d50d elementor-section-content-middle elementor-section-boxed elementor-section-height-default elementor-section-height-default\" data-id=\"74e3d50d\" data-element_type=\"section\" data-settings=\"{&quot;background_background&quot;:&quot;classic&quot;}\">\n\t\t\t\t\t\t\t<div class=\"elementor-background-overlay\"><\/div>\n\t\t\t\t\t\t\t<div class=\"elementor-container elementor-column-gap-no\">\n\t\t\t\t\t<div class=\"elementor-column elementor-col-100 elementor-top-column elementor-element elementor-element-685926c8\" data-id=\"685926c8\" data-element_type=\"column\">\n\t\t\t<div class=\"elementor-widget-wrap elementor-element-populated\">\n\t\t\t\t\t\t<div class=\"elementor-element elementor-element-12bd03ba elementor-widget elementor-widget-heading\" data-id=\"12bd03ba\" data-element_type=\"widget\" data-widget_type=\"heading.default\">\n\t\t\t\t<div class=\"elementor-widget-container\">\n\t\t\t\t\t<h1 class=\"elementor-heading-title elementor-size-default\">Video<\/h1>\t\t\t\t<\/div>\n\t\t\t\t<\/div>\n\t\t\t\t<div class=\"elementor-element elementor-element-4a3a6ae3 elementor-widget elementor-widget-text-editor\" data-id=\"4a3a6ae3\" data-element_type=\"widget\" data-widget_type=\"text-editor.default\">\n\t\t\t\t<div class=\"elementor-widget-container\">\n\t\t\t\t\t\t\t\t\t<p><strong>\u0110\u1ed5i m\u1edbi v\u00e0 ch\u1ea5t l\u01b0\u1ee3ng ph\u1ee5c v\u1ee5 b\u1ea1n<\/strong><\/p><p>Wuxi DARCA Press Co., Ltd l\u00e0 m\u1ed9t t\u00ean tu\u1ed5i h\u00e0ng \u0111\u1ea7u trong ng\u00e0nh, chuy\u00ean v\u1ec1 thi\u1ebft k\u1ebf, nghi\u00ean c\u1ee9u, ph\u00e1t tri\u1ec3n, s\u1ea3n xu\u1ea5t v\u00e0 ch\u1ebf t\u1ea1o m\u00e1y m\u00f3c th\u1ee7y l\u1ef1c v\u00e0 h\u1ec7 th\u1ed1ng th\u1ee7y l\u1ef1c. Cam k\u1ebft c\u1ee7a ch\u00fang t\u00f4i v\u1ec1 ch\u1ea5t l\u01b0\u1ee3ng v\u00e0 \u0111\u1ed5i m\u1edbi \u0111\u00e3 \u0111\u01b0a ch\u00fang t\u00f4i tr\u1edf th\u00e0nh m\u1ed9t trong nh\u1eefng nh\u00e0 s\u1ea3n xu\u1ea5t v\u00e0 nh\u00e0 cung c\u1ea5p \u0111\u01b0\u1ee3c s\u0103n \u0111\u00f3n nh\u1ea5t t\u1ea1i Trung Qu\u1ed1c. Sau \u0111\u00e2y l\u00e0 nh\u1eefng g\u00ec ch\u00fang t\u00f4i cung c\u1ea5p:<\/p>\t\t\t\t\t\t\t\t<\/div>\n\t\t\t\t<\/div>\n\t\t\t\t\t<\/div>\n\t\t<\/div>\n\t\t\t\t\t<\/div>\n\t\t<\/section>\n\t\t\t\t<section class=\"elementor-section elementor-top-section elementor-element elementor-element-a8db44b elementor-section-boxed elementor-section-height-default elementor-section-height-default\" data-id=\"a8db44b\" data-element_type=\"section\">\n\t\t\t\t\t\t<div class=\"elementor-container elementor-column-gap-default\">\n\t\t\t\t\t<div class=\"elementor-column elementor-col-50 elementor-top-column elementor-element elementor-element-9eee28b\" data-id=\"9eee28b\" data-element_type=\"column\">\n\t\t\t<div class=\"elementor-widget-wrap elementor-element-populated\">\n\t\t\t\t\t\t<div class=\"elementor-element elementor-element-ed08a1a elementor-widget elementor-widget-text-editor\" data-id=\"ed08a1a\" data-element_type=\"widget\" data-widget_type=\"text-editor.default\">\n\t\t\t\t<div class=\"elementor-widget-container\">\n\t\t\t\t\t\t\t\t\t<h2 style=\"text-align: center;\"><strong>D\u00f2ng b\u00e1o ch\u00ed m\u1edbi 1<\/strong><\/h2>\t\t\t\t\t\t\t\t<\/div>\n\t\t\t\t<\/div>\n\t\t\t\t<div class=\"elementor-element elementor-element-1001adf elementor-widget elementor-widget-text-editor\" data-id=\"1001adf\" data-element_type=\"widget\" data-widget_type=\"text-editor.default\">\n\t\t\t\t<div class=\"elementor-widget-container\">\n\t\t\t\t\t\t\t\t\t<iframe width=\"560\" height=\"315\" src=\"https:\/\/www.youtube.com\/embed\/_3-qWkkFzM8?si=T6rH9KTaH5peowLj\" title=\"Tr\u00ecnh ph\u00e1t video YouTube\" frameborder=\"0\" allow=\"accelerometer; autoplay; clipboard-write; encrypted-media; gyroscope; picture-in-picture; web-share\" referrerpolicy=\"strict-origin-when-cross-origin\" allowfullscreen><\/iframe>\t\t\t\t\t\t\t\t<\/div>\n\t\t\t\t<\/div>\n\t\t\t\t\t<\/div>\n\t\t<\/div>\n\t\t\t\t<div class=\"elementor-column elementor-col-50 elementor-top-column elementor-element elementor-element-dbcf5b0\" data-id=\"dbcf5b0\" data-element_type=\"column\">\n\t\t\t<div class=\"elementor-widget-wrap elementor-element-populated\">\n\t\t\t\t\t\t<div class=\"elementor-element elementor-element-c90de25 elementor-widget elementor-widget-text-editor\" data-id=\"c90de25\" data-element_type=\"widget\" data-widget_type=\"text-editor.default\">\n\t\t\t\t<div class=\"elementor-widget-container\">\n\t\t\t\t\t\t\t\t\t<h2 style=\"text-align: center;\"><strong>D\u00f2ng b\u00e1o ch\u00ed m\u1edbi 2<\/strong><\/h2>\t\t\t\t\t\t\t\t<\/div>\n\t\t\t\t<\/div>\n\t\t\t\t<div class=\"elementor-element elementor-element-dc312ad elementor-widget elementor-widget-text-editor\" data-id=\"dc312ad\" data-element_type=\"widget\" data-widget_type=\"text-editor.default\">\n\t\t\t\t<div class=\"elementor-widget-container\">\n\t\t\t\t\t\t\t\t\t<iframe width=\"560\" height=\"315\" src=\"https:\/\/www.youtube.com\/embed\/t8a4EA1SseA?si=9aF9at6pdv5plpwM\" title=\"Tr\u00ecnh ph\u00e1t video YouTube\" frameborder=\"0\" allow=\"accelerometer; autoplay; clipboard-write; encrypted-media; gyroscope; picture-in-picture; web-share\" referrerpolicy=\"strict-origin-when-cross-origin\" allowfullscreen><\/iframe>\t\t\t\t\t\t\t\t<\/div>\n\t\t\t\t<\/div>\n\t\t\t\t\t<\/div>\n\t\t<\/div>\n\t\t\t\t\t<\/div>\n\t\t<\/section>\n\t\t\t\t<section class=\"elementor-section elementor-top-section elementor-element elementor-element-d05b17b elementor-section-boxed elementor-section-height-default elementor-section-height-default\" data-id=\"d05b17b\" data-element_type=\"section\">\n\t\t\t\t\t\t<div class=\"elementor-container elementor-column-gap-default\">\n\t\t\t\t\t<div class=\"elementor-column elementor-col-50 elementor-top-column elementor-element elementor-element-1e1ca7b\" data-id=\"1e1ca7b\" data-element_type=\"column\">\n\t\t\t<div class=\"elementor-widget-wrap elementor-element-populated\">\n\t\t\t\t\t\t<div class=\"elementor-element elementor-element-ae599ec elementor-widget elementor-widget-text-editor\" data-id=\"ae599ec\" data-element_type=\"widget\" data-widget_type=\"text-editor.default\">\n\t\t\t\t<div class=\"elementor-widget-container\">\n\t\t\t\t\t\t\t\t\t<h2 style=\"text-align: center;\">T\u1ef1 \u0111\u1ed9ng<strong> \u00c9p n\u00f3ng<\/strong><\/h2>\t\t\t\t\t\t\t\t<\/div>\n\t\t\t\t<\/div>\n\t\t\t\t<div class=\"elementor-element elementor-element-b9930c1 elementor-widget elementor-widget-text-editor\" data-id=\"b9930c1\" data-element_type=\"widget\" data-widget_type=\"text-editor.default\">\n\t\t\t\t<div class=\"elementor-widget-container\">\n\t\t\t\t\t\t\t\t\t<iframe width=\"445\" height=\"315\" src=\"https:\/\/www.youtube.com\/embed\/JdolyG6Yuzw\" title=\"M\u00e1y \u00e9p n\u00f3ng t\u1ef1 \u0111\u1ed9ng \u00e9p g\u1ed7 d\u00e1n\" frameborder=\"0\" allow=\"accelerometer; autoplay; clipboard-write; encrypted-media; gyroscope; picture-in-picture; web-share\" allowfullscreen><\/iframe>\t\t\t\t\t\t\t\t<\/div>\n\t\t\t\t<\/div>\n\t\t\t\t\t<\/div>\n\t\t<\/div>\n\t\t\t\t<div class=\"elementor-column elementor-col-50 elementor-top-column elementor-element elementor-element-0bf85a3\" data-id=\"0bf85a3\" data-element_type=\"column\">\n\t\t\t<div class=\"elementor-widget-wrap elementor-element-populated\">\n\t\t\t\t\t\t<div class=\"elementor-element elementor-element-2d93ad3 elementor-widget elementor-widget-text-editor\" data-id=\"2d93ad3\" data-element_type=\"widget\" data-widget_type=\"text-editor.default\">\n\t\t\t\t<div class=\"elementor-widget-container\">\n\t\t\t\t\t\t\t\t\t<h2 style=\"text-align: center;\"><strong>M\u00e1y \u00e9p n\u00f3ng chu k\u1ef3 ng\u1eafn<\/strong><\/h2>\t\t\t\t\t\t\t\t<\/div>\n\t\t\t\t<\/div>\n\t\t\t\t<div class=\"elementor-element elementor-element-489d7ed elementor-widget elementor-widget-text-editor\" data-id=\"489d7ed\" data-element_type=\"widget\" data-widget_type=\"text-editor.default\">\n\t\t\t\t<div class=\"elementor-widget-container\">\n\t\t\t\t\t\t\t\t\t<iframe width=\"445\" height=\"315\" src=\"https:\/\/www.youtube.com\/embed\/Cu7wJd8dX7g\" title=\"M\u00e1y \u00e9p n\u00f3ng chu k\u1ef3 ng\u1eafn\" frameborder=\"0\" allow=\"accelerometer; autoplay; clipboard-write; encrypted-media; gyroscope; picture-in-picture; web-share\" allowfullscreen><\/iframe>\t\t\t\t\t\t\t\t<\/div>\n\t\t\t\t<\/div>\n\t\t\t\t\t<\/div>\n\t\t<\/div>\n\t\t\t\t\t<\/div>\n\t\t<\/section>\n\t\t\t\t<section class=\"elementor-section elementor-top-section elementor-element elementor-element-5009c1d elementor-section-boxed elementor-section-height-default elementor-section-height-default\" data-id=\"5009c1d\" data-element_type=\"section\">\n\t\t\t\t\t\t<div class=\"elementor-container elementor-column-gap-default\">\n\t\t\t\t\t<div class=\"elementor-column elementor-col-50 elementor-top-column elementor-element elementor-element-6179609\" data-id=\"6179609\" data-element_type=\"column\">\n\t\t\t<div class=\"elementor-widget-wrap elementor-element-populated\">\n\t\t\t\t\t\t<div class=\"elementor-element elementor-element-5269311 elementor-widget elementor-widget-text-editor\" data-id=\"5269311\" data-element_type=\"widget\" data-widget_type=\"text-editor.default\">\n\t\t\t\t<div class=\"elementor-widget-container\">\n\t\t\t\t\t\t\t\t\t<h2 style=\"text-align: center;\"><strong>M\u00e1y \u00e9p n\u00f3ng Melamine th\u1ee7y l\u1ef1c<\/strong><\/h2>\t\t\t\t\t\t\t\t<\/div>\n\t\t\t\t<\/div>\n\t\t\t\t<div class=\"elementor-element elementor-element-77e84e8 elementor-widget elementor-widget-text-editor\" data-id=\"77e84e8\" data-element_type=\"widget\" data-widget_type=\"text-editor.default\">\n\t\t\t\t<div class=\"elementor-widget-container\">\n\t\t\t\t\t\t\t\t\t<iframe width=\"445\" height=\"315\" src=\"https:\/\/www.youtube.com\/embed\/VFBwByoATWg\" title=\"M\u00e1y \u00e9p n\u00f3ng Melamine th\u1ee7y l\u1ef1c\" frameborder=\"0\" allow=\"accelerometer; autoplay; clipboard-write; encrypted-media; gyroscope; picture-in-picture; web-share\" allowfullscreen><\/iframe>\t\t\t\t\t\t\t\t<\/div>\n\t\t\t\t<\/div>\n\t\t\t\t\t<\/div>\n\t\t<\/div>\n\t\t\t\t<div class=\"elementor-column elementor-col-50 elementor-top-column elementor-element elementor-element-cecf59d\" data-id=\"cecf59d\" data-element_type=\"column\">\n\t\t\t<div class=\"elementor-widget-wrap elementor-element-populated\">\n\t\t\t\t\t\t<div class=\"elementor-element elementor-element-34aced1 elementor-widget elementor-widget-text-editor\" data-id=\"34aced1\" data-element_type=\"widget\" data-widget_type=\"text-editor.default\">\n\t\t\t\t<div class=\"elementor-widget-container\">\n\t\t\t\t\t\t\t\t\t<h2 style=\"text-align: center;\"><strong>M\u00e1y \u00e9p n\u00f3ng c\u00e1n m\u00e0ng chu k\u1ef3 ng\u1eafn<\/strong><\/h2>\t\t\t\t\t\t\t\t<\/div>\n\t\t\t\t<\/div>\n\t\t\t\t<div class=\"elementor-element elementor-element-c45c7a7 elementor-widget elementor-widget-text-editor\" data-id=\"c45c7a7\" data-element_type=\"widget\" data-widget_type=\"text-editor.default\">\n\t\t\t\t<div class=\"elementor-widget-container\">\n\t\t\t\t\t\t\t\t\t<iframe width=\"445\" height=\"315\" src=\"https:\/\/www.youtube.com\/embed\/BFjLMrK9UJ0\" title=\"M\u00e1y \u00e9p n\u00f3ng c\u00e1n m\u00e0ng chu k\u1ef3 ng\u1eafn\" frameborder=\"0\" allow=\"accelerometer; autoplay; clipboard-write; encrypted-media; gyroscope; picture-in-picture; web-share\" allowfullscreen><\/iframe>\t\t\t\t\t\t\t\t<\/div>\n\t\t\t\t<\/div>\n\t\t\t\t\t<\/div>\n\t\t<\/div>\n\t\t\t\t\t<\/div>\n\t\t<\/section>\n\t\t\t\t<\/div>","protected":false},"excerpt":{"rendered":"<p>Video \u0110\u1ed5i m\u1edbi v\u00e0 ch\u1ea5t l\u01b0\u1ee3ng ph\u1ee5c v\u1ee5 b\u1ea1n Wuxi DARCA Press Co., Ltd l\u00e0 m\u1ed9t t\u00ean tu\u1ed5i h\u00e0ng \u0111\u1ea7u trong ng\u00e0nh, chuy\u00ean v\u1ec1 thi\u1ebft k\u1ebf, nghi\u00ean c\u1ee9u, ph\u00e1t tri\u1ec3n, s\u1ea3n xu\u1ea5t v\u00e0 ch\u1ebf t\u1ea1o m\u00e1y m\u00f3c th\u1ee7y l\u1ef1c v\u00e0 h\u1ec7 th\u1ed1ng th\u1ee7y l\u1ef1c. Cam k\u1ebft c\u1ee7a ch\u00fang t\u00f4i v\u1ec1 ch\u1ea5t l\u01b0\u1ee3ng v\u00e0 \u0111\u1ed5i m\u1edbi \u0111\u00e3 \u0111\u01b0a ch\u00fang t\u00f4i tr\u1edf th\u00e0nh m\u1ed9t trong nh\u1eefng nh\u00e0 s\u1ea3n xu\u1ea5t v\u00e0 nh\u00e0 cung c\u1ea5p \u0111\u01b0\u1ee3c s\u0103n \u0111\u00f3n nh\u1ea5t t\u1ea1i Trung Qu\u1ed1c. \u0110\u00e2y l\u00e0 nh\u1eefng g\u00ec ch\u00fang t\u00f4i cung c\u1ea5p: [\u2026]<\/p>","protected":false},"author":1,"featured_media":0,"parent":0,"menu_order":0,"comment_status":"closed","ping_status":"closed","template":"","meta":{"_seopress_robots_primary_cat":"","_seopress_titles_title":"","_seopress_titles_desc":"","_seopress_robots_index":"","site-sidebar-layout":"no-sidebar","site-content-layout":"page-builder","ast-site-content-layout":"","site-content-style":"default","site-sidebar-style":"default","ast-global-header-display":"","ast-banner-title-visibility":"","ast-main-header-display":"","ast-hfb-above-header-display":"","ast-hfb-below-header-display":"","ast-hfb-mobile-header-display":"","site-post-title":"disabled","ast-breadcrumbs-content":"","ast-featured-img":"disabled","footer-sml-layout":"","theme-transparent-header-meta":"","adv-header-id-meta":"","stick-header-meta":"","header-above-stick-meta":"","header-main-stick-meta":"","header-below-stick-meta":"","astra-migrate-meta-layouts":"default","ast-page-background-enabled":"default","ast-page-background-meta":{"desktop":{"background-color":"","background-image":"","background-repeat":"repeat","background-position":"center center","background-size":"auto","background-attachment":"scroll","background-type":"","background-media":"","overlay-type":"","overlay-color":"","overlay-opacity":"","overlay-gradient":""},"tablet":{"background-color":"","background-image":"","background-repeat":"repeat","background-position":"center center","background-size":"auto","background-attachment":"scroll","background-type":"","background-media":"","overlay-type":"","overlay-color":"","overlay-opacity":"","overlay-gradient":""},"mobile":{"background-color":"","background-image":"","background-repeat":"repeat","background-position":"center center","background-size":"auto","background-attachment":"scroll","background-type":"","background-media":"","overlay-type":"","overlay-color":"","overlay-opacity":"","overlay-gradient":""}},"ast-content-background-meta":{"desktop":{"background-color":"var(--ast-global-color-5)","background-image":"","background-repeat":"repeat","background-position":"center center","background-size":"auto","background-attachment":"scroll","background-type":"","background-media":"","overlay-type":"","overlay-color":"","overlay-opacity":"","overlay-gradient":""},"tablet":{"background-color":"var(--ast-global-color-5)","background-image":"","background-repeat":"repeat","background-position":"center center","background-size":"auto","background-attachment":"scroll","background-type":"","background-media":"","overlay-type":"","overlay-color":"","overlay-opacity":"","overlay-gradient":""},"mobile":{"background-color":"var(--ast-global-color-5)","background-image":"","background-repeat":"repeat","background-position":"center center","background-size":"auto","background-attachment":"scroll","background-type":"","background-media":"","overlay-type":"","overlay-color":"","overlay-opacity":"","overlay-gradient":""}},"footnotes":""},"class_list":["post-1080","page","type-page","status-publish","hentry"],"_links":{"self":[{"href":"https:\/\/darcapressline.com\/vi\/wp-json\/wp\/v2\/pages\/1080","targetHints":{"allow":["GET"]}}],"collection":[{"href":"https:\/\/darcapressline.com\/vi\/wp-json\/wp\/v2\/pages"}],"about":[{"href":"https:\/\/darcapressline.com\/vi\/wp-json\/wp\/v2\/types\/page"}],"author":[{"embeddable":true,"href":"https:\/\/darcapressline.com\/vi\/wp-json\/wp\/v2\/users\/1"}],"replies":[{"embeddable":true,"href":"https:\/\/darcapressline.com\/vi\/wp-json\/wp\/v2\/comments?post=1080"}],"version-history":[{"count":7,"href":"https:\/\/darcapressline.com\/vi\/wp-json\/wp\/v2\/pages\/1080\/revisions"}],"predecessor-version":[{"id":1367,"href":"https:\/\/darcapressline.com\/vi\/wp-json\/wp\/v2\/pages\/1080\/revisions\/1367"}],"wp:attachment":[{"href":"https:\/\/darcapressline.com\/vi\/wp-json\/wp\/v2\/media?parent=1080"}],"curies":[{"name":"wp","href":"https:\/\/api.w.org\/{rel}","templated":true}]}}