{"id":17,"date":"2018-09-18T09:05:39","date_gmt":"2018-09-18T09:05:39","guid":{"rendered":"https:\/\/darcapressline.com\/services\/"},"modified":"2023-08-03T14:51:44","modified_gmt":"2023-08-03T14:51:44","slug":"services","status":"publish","type":"page","link":"https:\/\/darcapressline.com\/pt\/servicos\/","title":{"rendered":"Servi\u00e7os"},"content":{"rendered":"<div data-elementor-type=\"wp-post\" data-elementor-id=\"17\" class=\"elementor elementor-17\" data-elementor-post-type=\"page\">\n\t\t\t\t\t\t<section class=\"elementor-section elementor-top-section elementor-element elementor-element-61720ff1 elementor-section-content-middle elementor-section-boxed elementor-section-height-default elementor-section-height-default\" data-id=\"61720ff1\" data-element_type=\"section\" data-settings=\"{&quot;background_background&quot;:&quot;classic&quot;}\">\n\t\t\t\t\t\t\t<div class=\"elementor-background-overlay\"><\/div>\n\t\t\t\t\t\t\t<div class=\"elementor-container elementor-column-gap-no\">\n\t\t\t\t\t<div class=\"elementor-column elementor-col-100 elementor-top-column elementor-element elementor-element-5f40600d\" data-id=\"5f40600d\" data-element_type=\"column\">\n\t\t\t<div class=\"elementor-widget-wrap elementor-element-populated\">\n\t\t\t\t\t\t<div class=\"elementor-element elementor-element-657f6e33 elementor-widget elementor-widget-heading\" data-id=\"657f6e33\" data-element_type=\"widget\" data-widget_type=\"heading.default\">\n\t\t\t\t<div class=\"elementor-widget-container\">\n\t\t\t\t\t<h1 class=\"elementor-heading-title elementor-size-default\">Servi\u00e7os<\/h1>\t\t\t\t<\/div>\n\t\t\t\t<\/div>\n\t\t\t\t<div class=\"elementor-element elementor-element-5a2d4d35 elementor-widget elementor-widget-text-editor\" data-id=\"5a2d4d35\" data-element_type=\"widget\" data-widget_type=\"text-editor.default\">\n\t\t\t\t<div class=\"elementor-widget-container\">\n\t\t\t\t\t\t\t\t\t<p><strong>Inova\u00e7\u00e3o e Qualidade ao Seu Servi\u00e7o<\/strong><\/p><p>Wuxi DARCA Press Co., Ltd \u00e9 um nome l\u00edder na ind\u00fastria, especializada em m\u00e1quinas hidr\u00e1ulicas e design de sistemas hidr\u00e1ulicos, pesquisa, desenvolvimento, produ\u00e7\u00e3o e fabrica\u00e7\u00e3o. Nosso compromisso com a qualidade e inova\u00e7\u00e3o nos tornou um dos fabricantes e fornecedores mais procurados na China. Aqui est\u00e1 o que oferecemos:<\/p>\t\t\t\t\t\t\t\t<\/div>\n\t\t\t\t<\/div>\n\t\t\t\t\t<\/div>\n\t\t<\/div>\n\t\t\t\t\t<\/div>\n\t\t<\/section>\n\t\t\t\t<section class=\"elementor-section elementor-top-section elementor-element elementor-element-53569744 elementor-section-boxed elementor-section-height-default elementor-section-height-default\" data-id=\"53569744\" data-element_type=\"section\" data-settings=\"{&quot;background_background&quot;:&quot;classic&quot;}\">\n\t\t\t\t\t\t<div class=\"elementor-container elementor-column-gap-no\">\n\t\t\t\t\t<div class=\"elementor-column elementor-col-100 elementor-top-column elementor-element elementor-element-5f3a88d3\" data-id=\"5f3a88d3\" data-element_type=\"column\">\n\t\t\t<div class=\"elementor-widget-wrap elementor-element-populated\">\n\t\t\t\t\t\t<div class=\"elementor-element elementor-element-22468906 elementor-widget elementor-widget-heading\" data-id=\"22468906\" data-element_type=\"widget\" data-widget_type=\"heading.default\">\n\t\t\t\t<div class=\"elementor-widget-container\">\n\t\t\t\t\t<h3 class=\"elementor-heading-title elementor-size-default\">Minha especialidade<\/h3>\t\t\t\t<\/div>\n\t\t\t\t<\/div>\n\t\t\t\t<section class=\"elementor-section elementor-inner-section elementor-element elementor-element-546e11c1 elementor-section-boxed elementor-section-height-default elementor-section-height-default\" data-id=\"546e11c1\" data-element_type=\"section\">\n\t\t\t\t\t\t<div class=\"elementor-container elementor-column-gap-no\">\n\t\t\t\t\t<div class=\"elementor-column elementor-col-50 elementor-inner-column elementor-element elementor-element-182144ae\" data-id=\"182144ae\" data-element_type=\"column\">\n\t\t\t<div class=\"elementor-widget-wrap elementor-element-populated\">\n\t\t\t\t\t\t<div class=\"elementor-element elementor-element-81f04f6 elementor-widget elementor-widget-heading\" data-id=\"81f04f6\" data-element_type=\"widget\" data-widget_type=\"heading.default\">\n\t\t\t\t<div class=\"elementor-widget-container\">\n\t\t\t\t\t<h6 class=\"elementor-heading-title elementor-size-default\">01.<\/h6>\t\t\t\t<\/div>\n\t\t\t\t<\/div>\n\t\t\t\t<div class=\"elementor-element elementor-element-5abcb6ae elementor-widget elementor-widget-heading\" data-id=\"5abcb6ae\" data-element_type=\"widget\" data-widget_type=\"heading.default\">\n\t\t\t\t<div class=\"elementor-widget-container\">\n\t\t\t\t\t<h4 class=\"elementor-heading-title elementor-size-default\">Solu\u00e7\u00f5es personalizadas<\/h4>\t\t\t\t<\/div>\n\t\t\t\t<\/div>\n\t\t\t\t<div class=\"elementor-element elementor-element-5c94b40d elementor-widget elementor-widget-text-editor\" data-id=\"5c94b40d\" data-element_type=\"widget\" data-widget_type=\"text-editor.default\">\n\t\t\t\t<div class=\"elementor-widget-container\">\n\t\t\t\t\t\t\t\t\t<ul><li><strong>Interagindo com clientes e analisando projetos:<\/strong> Trabalhamos em estreita colabora\u00e7\u00e3o com nossos clientes para entender suas necessidades espec\u00edficas e fornecer solu\u00e7\u00f5es sob medida.<\/li><li><strong>Processo de design do lado do cliente:<\/strong> Nosso processo de design \u00e9 centrado no cliente, garantindo que cada produto atenda aos requisitos do cliente.<\/li><li><strong>O menor tempo de entrega:<\/strong> Temos orgulho de nosso sistema de entrega eficiente, garantindo que voc\u00ea receba seus produtos no prazo.<\/li><li><strong>Instala\u00e7\u00e3o, depura\u00e7\u00e3o e treinamento no local:<\/strong> Nossa equipe de especialistas ir\u00e1 auxili\u00e1-lo na instala\u00e7\u00e3o e depura\u00e7\u00e3o do maquin\u00e1rio, juntamente com treinamento no local.<\/li><\/ul>\t\t\t\t\t\t\t\t<\/div>\n\t\t\t\t<\/div>\n\t\t\t\t\t<\/div>\n\t\t<\/div>\n\t\t\t\t<div class=\"elementor-column elementor-col-50 elementor-inner-column elementor-element elementor-element-77281dc6\" data-id=\"77281dc6\" data-element_type=\"column\">\n\t\t\t<div class=\"elementor-widget-wrap elementor-element-populated\">\n\t\t\t\t\t\t<div class=\"elementor-element elementor-element-76b76a5e elementor-widget elementor-widget-heading\" data-id=\"76b76a5e\" data-element_type=\"widget\" data-widget_type=\"heading.default\">\n\t\t\t\t<div class=\"elementor-widget-container\">\n\t\t\t\t\t<h6 class=\"elementor-heading-title elementor-size-default\">02.<\/h6>\t\t\t\t<\/div>\n\t\t\t\t<\/div>\n\t\t\t\t<div class=\"elementor-element elementor-element-44366da8 elementor-widget elementor-widget-heading\" data-id=\"44366da8\" data-element_type=\"widget\" data-widget_type=\"heading.default\">\n\t\t\t\t<div class=\"elementor-widget-container\">\n\t\t\t\t\t<h4 class=\"elementor-heading-title elementor-size-default\">Produtos de qualidade<\/h4>\t\t\t\t<\/div>\n\t\t\t\t<\/div>\n\t\t\t\t<div class=\"elementor-element elementor-element-69bcc625 elementor-widget elementor-widget-text-editor\" data-id=\"69bcc625\" data-element_type=\"widget\" data-widget_type=\"text-editor.default\">\n\t\t\t\t<div class=\"elementor-widget-container\">\n\t\t\t\t\t\t\t\t\t<ul><li><strong>M\u00e1quinas de prensagem a quente:<\/strong> Desde m\u00e1quinas de prensagem a quente para lamina\u00e7\u00e3o de melamina de ciclo curto de MDF at\u00e9 prensas a quente de compensado multicamadas para trabalhar madeira, oferecemos uma ampla gama de m\u00e1quinas de prensagem a quente de qualidade.<\/li><li><strong>Acess\u00f3rios:<\/strong> Fornecemos todos os acess\u00f3rios necess\u00e1rios para complementar as nossas m\u00e1quinas.<\/li><li><strong>M\u00e1quinas de prensa de porta:<\/strong> Nossas prensas para portas e prensas a quente para portas s\u00e3o conhecidas por sua efici\u00eancia e qualidade.<\/li><\/ul>\t\t\t\t\t\t\t\t<\/div>\n\t\t\t\t<\/div>\n\t\t\t\t\t<\/div>\n\t\t<\/div>\n\t\t\t\t\t<\/div>\n\t\t<\/section>\n\t\t\t\t<section class=\"elementor-section elementor-inner-section elementor-element elementor-element-65d9301c elementor-section-boxed elementor-section-height-default elementor-section-height-default\" data-id=\"65d9301c\" data-element_type=\"section\">\n\t\t\t\t\t\t<div class=\"elementor-container elementor-column-gap-no\">\n\t\t\t\t\t<div class=\"elementor-column elementor-col-50 elementor-inner-column elementor-element elementor-element-10e4c51b\" data-id=\"10e4c51b\" data-element_type=\"column\">\n\t\t\t<div class=\"elementor-widget-wrap elementor-element-populated\">\n\t\t\t\t\t\t<div class=\"elementor-element elementor-element-2627fb6b elementor-widget elementor-widget-heading\" data-id=\"2627fb6b\" data-element_type=\"widget\" data-widget_type=\"heading.default\">\n\t\t\t\t<div class=\"elementor-widget-container\">\n\t\t\t\t\t<h6 class=\"elementor-heading-title elementor-size-default\">03.<\/h6>\t\t\t\t<\/div>\n\t\t\t\t<\/div>\n\t\t\t\t<div class=\"elementor-element elementor-element-35168a8f elementor-widget elementor-widget-heading\" data-id=\"35168a8f\" data-element_type=\"widget\" data-widget_type=\"heading.default\">\n\t\t\t\t<div class=\"elementor-widget-container\">\n\t\t\t\t\t<h4 class=\"elementor-heading-title elementor-size-default\">Suporte p\u00f3s-venda<\/h4>\t\t\t\t<\/div>\n\t\t\t\t<\/div>\n\t\t\t\t<div class=\"elementor-element elementor-element-408b8a4d elementor-widget elementor-widget-text-editor\" data-id=\"408b8a4d\" data-element_type=\"widget\" data-widget_type=\"text-editor.default\">\n\t\t\t\t<div class=\"elementor-widget-container\">\n\t\t\t\t\t\t\t\t\t<ul><li><strong>Visita de retorno do cliente:<\/strong> Valorizamos nossos clientes e garantimos acompanhamento regular para coletar feedback e fornecer suporte cont\u00ednuo.<\/li><li><strong>Disponibilidade de pe\u00e7as de reposi\u00e7\u00e3o:<\/strong> Pe\u00e7as de reposi\u00e7\u00e3o para nossas m\u00e1quinas est\u00e3o sempre dispon\u00edveis, garantindo opera\u00e7\u00f5es ininterruptas.<\/li><li><strong>24 horas de espera:<\/strong> Nossa equipe de suporte est\u00e1 dispon\u00edvel 24 horas por dia, 7 dias por semana, para ajud\u00e1-lo com qualquer d\u00favida ou problema.<\/li><\/ul>\t\t\t\t\t\t\t\t<\/div>\n\t\t\t\t<\/div>\n\t\t\t\t\t<\/div>\n\t\t<\/div>\n\t\t\t\t<div class=\"elementor-column elementor-col-50 elementor-inner-column elementor-element elementor-element-516d54e8\" data-id=\"516d54e8\" data-element_type=\"column\">\n\t\t\t<div class=\"elementor-widget-wrap elementor-element-populated\">\n\t\t\t\t\t\t<div class=\"elementor-element elementor-element-39293386 elementor-widget elementor-widget-heading\" data-id=\"39293386\" data-element_type=\"widget\" data-widget_type=\"heading.default\">\n\t\t\t\t<div class=\"elementor-widget-container\">\n\t\t\t\t\t<h6 class=\"elementor-heading-title elementor-size-default\">04.<\/h6>\t\t\t\t<\/div>\n\t\t\t\t<\/div>\n\t\t\t\t<div class=\"elementor-element elementor-element-1095ba71 elementor-widget elementor-widget-heading\" data-id=\"1095ba71\" data-element_type=\"widget\" data-widget_type=\"heading.default\">\n\t\t\t\t<div class=\"elementor-widget-container\">\n\t\t\t\t\t<h4 class=\"elementor-heading-title elementor-size-default\">Conhecimento e Experi\u00eancia<\/h4>\t\t\t\t<\/div>\n\t\t\t\t<\/div>\n\t\t\t\t<div class=\"elementor-element elementor-element-263692 elementor-widget elementor-widget-text-editor\" data-id=\"263692\" data-element_type=\"widget\" data-widget_type=\"text-editor.default\">\n\t\t\t\t<div class=\"elementor-widget-container\">\n\t\t\t\t\t\t\t\t\t<ul><li><strong>Manuais de Opera\u00e7\u00e3o da Prensa T\u00e9rmica:<\/strong> Fornecemos guias e manuais abrangentes para ajud\u00e1-lo a operar nossas m\u00e1quinas.<\/li><li><strong>Solu\u00e7\u00f5es e Benef\u00edcios:<\/strong> Nossa equipe de especialistas oferece solu\u00e7\u00f5es para problemas comuns e compartilha os benef\u00edcios do uso de tecnologias espec\u00edficas, como aquecimento de \u00f3leo por transfer\u00eancia de calor em prensas t\u00e9rmicas multicamadas.<\/li><\/ul>\t\t\t\t\t\t\t\t<\/div>\n\t\t\t\t<\/div>\n\t\t\t\t\t<\/div>\n\t\t<\/div>\n\t\t\t\t\t<\/div>\n\t\t<\/section>\n\t\t\t\t\t<\/div>\n\t\t<\/div>\n\t\t\t\t\t<\/div>\n\t\t<\/section>\n\t\t\t\t<\/div>","protected":false},"excerpt":{"rendered":"<p>Servi\u00e7os Inova\u00e7\u00e3o e Qualidade a Seu Servi\u00e7o A Wuxi DARCA Press Co., Ltd \u00e9 um nome l\u00edder na ind\u00fastria, especializada em m\u00e1quinas hidr\u00e1ulicas e design de sistemas hidr\u00e1ulicos, pesquisa, desenvolvimento, produ\u00e7\u00e3o e fabrica\u00e7\u00e3o. Nosso compromisso com a qualidade e inova\u00e7\u00e3o nos tornou um dos fabricantes e fornecedores mais procurados na China. Aqui est\u00e1 o que oferecemos: [\u2026]<\/p>","protected":false},"author":1,"featured_media":0,"parent":0,"menu_order":0,"comment_status":"closed","ping_status":"closed","template":"","meta":{"_seopress_robots_primary_cat":"","_seopress_titles_title":"","_seopress_titles_desc":"","_seopress_robots_index":"","site-sidebar-layout":"no-sidebar","site-content-layout":"page-builder","ast-site-content-layout":"","site-content-style":"default","site-sidebar-style":"default","ast-global-header-display":"","ast-banner-title-visibility":"","ast-main-header-display":"","ast-hfb-above-header-display":"","ast-hfb-below-header-display":"","ast-hfb-mobile-header-display":"","site-post-title":"disabled","ast-breadcrumbs-content":"","ast-featured-img":"disabled","footer-sml-layout":"","theme-transparent-header-meta":"enabled","adv-header-id-meta":"","stick-header-meta":"","header-above-stick-meta":"","header-main-stick-meta":"","header-below-stick-meta":"","astra-migrate-meta-layouts":"default","ast-page-background-enabled":"default","ast-page-background-meta":{"desktop":{"background-color":"","background-image":"","background-repeat":"repeat","background-position":"center center","background-size":"auto","background-attachment":"scroll","background-type":"","background-media":"","overlay-type":"","overlay-color":"","overlay-opacity":"","overlay-gradient":""},"tablet":{"background-color":"","background-image":"","background-repeat":"repeat","background-position":"center center","background-size":"auto","background-attachment":"scroll","background-type":"","background-media":"","overlay-type":"","overlay-color":"","overlay-opacity":"","overlay-gradient":""},"mobile":{"background-color":"","background-image":"","background-repeat":"repeat","background-position":"center center","background-size":"auto","background-attachment":"scroll","background-type":"","background-media":"","overlay-type":"","overlay-color":"","overlay-opacity":"","overlay-gradient":""}},"ast-content-background-meta":{"desktop":{"background-color":"var(--ast-global-color-5)","background-image":"","background-repeat":"repeat","background-position":"center center","background-size":"auto","background-attachment":"scroll","background-type":"","background-media":"","overlay-type":"","overlay-color":"","overlay-opacity":"","overlay-gradient":""},"tablet":{"background-color":"var(--ast-global-color-5)","background-image":"","background-repeat":"repeat","background-position":"center center","background-size":"auto","background-attachment":"scroll","background-type":"","background-media":"","overlay-type":"","overlay-color":"","overlay-opacity":"","overlay-gradient":""},"mobile":{"background-color":"var(--ast-global-color-5)","background-image":"","background-repeat":"repeat","background-position":"center center","background-size":"auto","background-attachment":"scroll","background-type":"","background-media":"","overlay-type":"","overlay-color":"","overlay-opacity":"","overlay-gradient":""}},"footnotes":""},"class_list":["post-17","page","type-page","status-publish","hentry"],"_links":{"self":[{"href":"https:\/\/darcapressline.com\/pt\/wp-json\/wp\/v2\/pages\/17","targetHints":{"allow":["GET"]}}],"collection":[{"href":"https:\/\/darcapressline.com\/pt\/wp-json\/wp\/v2\/pages"}],"about":[{"href":"https:\/\/darcapressline.com\/pt\/wp-json\/wp\/v2\/types\/page"}],"author":[{"embeddable":true,"href":"https:\/\/darcapressline.com\/pt\/wp-json\/wp\/v2\/users\/1"}],"replies":[{"embeddable":true,"href":"https:\/\/darcapressline.com\/pt\/wp-json\/wp\/v2\/comments?post=17"}],"version-history":[{"count":4,"href":"https:\/\/darcapressline.com\/pt\/wp-json\/wp\/v2\/pages\/17\/revisions"}],"predecessor-version":[{"id":849,"href":"https:\/\/darcapressline.com\/pt\/wp-json\/wp\/v2\/pages\/17\/revisions\/849"}],"wp:attachment":[{"href":"https:\/\/darcapressline.com\/pt\/wp-json\/wp\/v2\/media?parent=17"}],"curies":[{"name":"wp","href":"https:\/\/api.w.org\/{rel}","templated":true}]}}