{"id":1347,"date":"2024-05-19T23:04:11","date_gmt":"2024-05-19T23:04:11","guid":{"rendered":"https:\/\/darcapressline.com\/?page_id=1347"},"modified":"2024-05-19T23:05:44","modified_gmt":"2024-05-19T23:05:44","slug":"newsevents","status":"publish","type":"page","link":"https:\/\/darcapressline.com\/pt\/novos-eventos\/","title":{"rendered":"Not\u00edcias e Eventos"},"content":{"rendered":"<div data-elementor-type=\"wp-page\" data-elementor-id=\"1347\" class=\"elementor elementor-1347\" data-elementor-post-type=\"page\">\n\t\t\t\t\t\t<section class=\"elementor-section elementor-top-section elementor-element elementor-element-9925ffe elementor-section-boxed elementor-section-height-default elementor-section-height-default\" data-id=\"9925ffe\" data-element_type=\"section\">\n\t\t\t\t\t\t<div class=\"elementor-container elementor-column-gap-default\">\n\t\t\t\t\t<div class=\"elementor-column elementor-col-100 elementor-top-column elementor-element elementor-element-b0200a6\" data-id=\"b0200a6\" data-element_type=\"column\">\n\t\t\t<div class=\"elementor-widget-wrap elementor-element-populated\">\n\t\t\t\t\t\t<div class=\"elementor-element elementor-element-af187bf elementor-grid-2 elementor-grid-tablet-2 elementor-grid-mobile-1 elementor-posts--thumbnail-top elementor-widget elementor-widget-posts\" data-id=\"af187bf\" data-element_type=\"widget\" data-settings=\"{&quot;classic_columns&quot;:&quot;2&quot;,&quot;classic_columns_tablet&quot;:&quot;2&quot;,&quot;classic_columns_mobile&quot;:&quot;1&quot;,&quot;classic_row_gap&quot;:{&quot;unit&quot;:&quot;px&quot;,&quot;size&quot;:35,&quot;sizes&quot;:[]},&quot;classic_row_gap_tablet&quot;:{&quot;unit&quot;:&quot;px&quot;,&quot;size&quot;:&quot;&quot;,&quot;sizes&quot;:[]},&quot;classic_row_gap_mobile&quot;:{&quot;unit&quot;:&quot;px&quot;,&quot;size&quot;:&quot;&quot;,&quot;sizes&quot;:[]}}\" data-widget_type=\"posts.classic\">\n\t\t\t\t<div class=\"elementor-widget-container\">\n\t\t\t\t\t\t\t<div class=\"elementor-posts-container elementor-posts elementor-posts--skin-classic elementor-grid\">\n\t\t\t\t<article class=\"elementor-post elementor-grid-item post-1331 post type-post status-publish format-standard hentry category-uncategorized\">\n\t\t\t\t<div class=\"elementor-post__text\">\n\t\t\t\t<h3 class=\"elementor-post__title\">\n\t\t\t<a href=\"https:\/\/darcapressline.com\/pt\/darca-brilha-na-53a-feira-internacional-de-moveis-da-china-em-guangzhou\/\" >\n\t\t\t\tDARCA brilha na 53\u00aa Feira Internacional de M\u00f3veis da China (Guangzhou)\t\t\t<\/a>\n\t\t<\/h3>\n\t\t\t\t<div class=\"elementor-post__excerpt\">\n\t\t\t<p>Guangzhou, China \u2013 18 a 21 de mar\u00e7o de 2024 DARCA, l\u00edder renomada em prensagem a quente de placas de acesso autom\u00e1tico de folheado de melamina inovadoras, juntamente com uma gama diversificada de<\/p>\n\t\t<\/div>\n\t\t\n\t\t<a class=\"elementor-post__read-more\" href=\"https:\/\/darcapressline.com\/pt\/darca-brilha-na-53a-feira-internacional-de-moveis-da-china-em-guangzhou\/\" aria-label=\"Leia mais sobre a DARCA brilha na 53\u00aa Feira Internacional de M\u00f3veis da China (Guangzhou)\" tabindex=\"-1\" >\n\t\t\tLer mais \u00bb\t\t<\/a>\n\n\t\t\t\t<\/div>\n\t\t\t\t<\/article>\n\t\t\t\t<article class=\"elementor-post elementor-grid-item post-1320 post type-post status-publish format-standard hentry category-uncategorized\">\n\t\t\t\t<div class=\"elementor-post__text\">\n\t\t\t\t<h3 class=\"elementor-post__title\">\n\t\t\t<a href=\"https:\/\/darcapressline.com\/pt\/linha-de-imprensa-de-ciclo-curto\/\" >\n\t\t\t\tLinha de prensa de ciclo curto\t\t\t<\/a>\n\t\t<\/h3>\n\t\t\t\t<div class=\"elementor-post__excerpt\">\n\t\t\t<p>Linha de prensas de ciclo curto \u2013 O guia de perguntas frequentes definitivo Se voc\u00ea est\u00e1 procurando um fabricante confi\u00e1vel de m\u00e1quinas de linha de prensas de ciclo curto e n\u00e3o consegue<\/p>\n\t\t<\/div>\n\t\t\n\t\t<a class=\"elementor-post__read-more\" href=\"https:\/\/darcapressline.com\/pt\/linha-de-imprensa-de-ciclo-curto\/\" aria-label=\"Saiba mais sobre a Linha de Prensas de Ciclo Curto\" tabindex=\"-1\" >\n\t\t\tLer mais \u00bb\t\t<\/a>\n\n\t\t\t\t<\/div>\n\t\t\t\t<\/article>\n\t\t\t\t<article class=\"elementor-post elementor-grid-item post-1313 post type-post status-publish format-standard hentry category-uncategorized\">\n\t\t\t\t<div class=\"elementor-post__text\">\n\t\t\t\t<h3 class=\"elementor-post__title\">\n\t\t\t<a href=\"https:\/\/darcapressline.com\/pt\/maquinas-de-prensagem-de-pele-de-porta\/\" >\n\t\t\t\tM\u00e1quinas de prensagem de revestimento de porta\t\t\t<\/a>\n\t\t<\/h3>\n\t\t\t\t<div class=\"elementor-post__excerpt\">\n\t\t\t<p>M\u00e1quina de prensagem de pele de porta Provavelmente uma das mais novas adi\u00e7\u00f5es no mercado hidr\u00e1ulico \u00e9 a m\u00e1quina de prensagem de pele de porta. \u00c9 uma das melhores<\/p>\n\t\t<\/div>\n\t\t\n\t\t<a class=\"elementor-post__read-more\" href=\"https:\/\/darcapressline.com\/pt\/maquinas-de-prensagem-de-pele-de-porta\/\" aria-label=\"Saiba mais sobre m\u00e1quinas de prensagem de pele de porta\" tabindex=\"-1\" >\n\t\t\tLer mais \u00bb\t\t<\/a>\n\n\t\t\t\t<\/div>\n\t\t\t\t<\/article>\n\t\t\t\t<article class=\"elementor-post elementor-grid-item post-1306 post type-post status-publish format-standard hentry category-uncategorized\">\n\t\t\t\t<div class=\"elementor-post__text\">\n\t\t\t\t<h3 class=\"elementor-post__title\">\n\t\t\t<a href=\"https:\/\/darcapressline.com\/pt\/linhas-de-prensagem-a-quente-de-ciclo-curto\/\" >\n\t\t\t\tLinhas de prensagem a quente de ciclo curto\t\t\t<\/a>\n\t\t<\/h3>\n\t\t\t\t<div class=\"elementor-post__excerpt\">\n\t\t\t<p>Linhas de prensagem a quente de ciclo curto H\u00e1 uma grande diferen\u00e7a entre as linhas de ciclo curto padr\u00e3o e as linhas de prensagem a quente de ciclo curto, e suas diferen\u00e7as podem n\u00e3o ser<\/p>\n\t\t<\/div>\n\t\t\n\t\t<a class=\"elementor-post__read-more\" href=\"https:\/\/darcapressline.com\/pt\/linhas-de-prensagem-a-quente-de-ciclo-curto\/\" aria-label=\"Leia mais sobre Linhas de prensagem a quente de ciclo curto\" tabindex=\"-1\" >\n\t\t\tLer mais \u00bb\t\t<\/a>\n\n\t\t\t\t<\/div>\n\t\t\t\t<\/article>\n\t\t\t\t<article class=\"elementor-post elementor-grid-item post-1296 post type-post status-publish format-standard hentry category-uncategorized\">\n\t\t\t\t<div class=\"elementor-post__text\">\n\t\t\t\t<h3 class=\"elementor-post__title\">\n\t\t\t<a href=\"https:\/\/darcapressline.com\/pt\/maquina-de-prensa-quente-para-laminacao-de-melamina-de-ciclo-curto-mdf-2\/\" >\n\t\t\t\tM\u00e1quina de prensagem a quente para lamina\u00e7\u00e3o de melamina de ciclo curto de MDF\t\t\t<\/a>\n\t\t<\/h3>\n\t\t\t\t<div class=\"elementor-post__excerpt\">\n\t\t\t<p>M\u00e1quina de prensagem a quente de lamina\u00e7\u00e3o de melamina de ciclo curto para MDF Muitas empresas de constru\u00e7\u00e3o, fabricantes de m\u00f3veis e gigantes da marcenaria prestam aten\u00e7\u00e3o \u00e0s m\u00e1quinas de prensagem a quente de lamina\u00e7\u00e3o de melamina de ciclo curto para MDF<\/p>\n\t\t<\/div>\n\t\t\n\t\t<a class=\"elementor-post__read-more\" href=\"https:\/\/darcapressline.com\/pt\/maquina-de-prensa-quente-para-laminacao-de-melamina-de-ciclo-curto-mdf-2\/\" aria-label=\"Leia mais sobre M\u00e1quina de prensagem a quente de lamina\u00e7\u00e3o de melamina de ciclo curto para MDF\" tabindex=\"-1\" >\n\t\t\tLer mais \u00bb\t\t<\/a>\n\n\t\t\t\t<\/div>\n\t\t\t\t<\/article>\n\t\t\t\t<article class=\"elementor-post elementor-grid-item post-1289 post type-post status-publish format-standard hentry category-uncategorized\">\n\t\t\t\t<div class=\"elementor-post__text\">\n\t\t\t\t<h3 class=\"elementor-post__title\">\n\t\t\t<a href=\"https:\/\/darcapressline.com\/pt\/maquina-de-prensa-de-moldagem\/\" >\n\t\t\t\tM\u00e1quina de prensagem de moldagem\t\t\t<\/a>\n\t\t<\/h3>\n\t\t\t\t<div class=\"elementor-post__excerpt\">\n\t\t\t<p>M\u00e1quina de Prensa de Moldagem Eu sempre pensei que alguns dos produtos personalizados exatos de pl\u00e1stico, madeira e a\u00e7o eram esculpidos \u00e0 m\u00e3o. Mal sabia eu<\/p>\n\t\t<\/div>\n\t\t\n\t\t<a class=\"elementor-post__read-more\" href=\"https:\/\/darcapressline.com\/pt\/maquina-de-prensa-de-moldagem\/\" aria-label=\"Leia mais sobre M\u00e1quina de prensa de moldagem\" tabindex=\"-1\" >\n\t\t\tLer mais \u00bb\t\t<\/a>\n\n\t\t\t\t<\/div>\n\t\t\t\t<\/article>\n\t\t\t\t<\/div>\n\t\t\n\t\t\t\t\t\t<\/div>\n\t\t\t\t<\/div>\n\t\t\t\t\t<\/div>\n\t\t<\/div>\n\t\t\t\t\t<\/div>\n\t\t<\/section>\n\t\t\t\t<\/div>","protected":false},"excerpt":{"rendered":"","protected":false},"author":1,"featured_media":0,"parent":0,"menu_order":0,"comment_status":"closed","ping_status":"closed","template":"","meta":{"_seopress_robots_primary_cat":"","_seopress_titles_title":"","_seopress_titles_desc":"","_seopress_robots_index":"","site-sidebar-layout":"no-sidebar","site-content-layout":"page-builder","ast-site-content-layout":"full-width-container","site-content-style":"default","site-sidebar-style":"default","ast-global-header-display":"","ast-banner-title-visibility":"","ast-main-header-display":"","ast-hfb-above-header-display":"","ast-hfb-below-header-display":"","ast-hfb-mobile-header-display":"","site-post-title":"disabled","ast-breadcrumbs-content":"","ast-featured-img":"disabled","footer-sml-layout":"","theme-transparent-header-meta":"","adv-header-id-meta":"","stick-header-meta":"","header-above-stick-meta":"","header-main-stick-meta":"","header-below-stick-meta":"","astra-migrate-meta-layouts":"set","ast-page-background-enabled":"default","ast-page-background-meta":{"desktop":{"background-color":"","background-image":"","background-repeat":"repeat","background-position":"center center","background-size":"auto","background-attachment":"scroll","background-type":"","background-media":"","overlay-type":"","overlay-color":"","overlay-opacity":"","overlay-gradient":""},"tablet":{"background-color":"","background-image":"","background-repeat":"repeat","background-position":"center center","background-size":"auto","background-attachment":"scroll","background-type":"","background-media":"","overlay-type":"","overlay-color":"","overlay-opacity":"","overlay-gradient":""},"mobile":{"background-color":"","background-image":"","background-repeat":"repeat","background-position":"center center","background-size":"auto","background-attachment":"scroll","background-type":"","background-media":"","overlay-type":"","overlay-color":"","overlay-opacity":"","overlay-gradient":""}},"ast-content-background-meta":{"desktop":{"background-color":"var(--ast-global-color-5)","background-image":"","background-repeat":"repeat","background-position":"center center","background-size":"auto","background-attachment":"scroll","background-type":"","background-media":"","overlay-type":"","overlay-color":"","overlay-opacity":"","overlay-gradient":""},"tablet":{"background-color":"var(--ast-global-color-5)","background-image":"","background-repeat":"repeat","background-position":"center center","background-size":"auto","background-attachment":"scroll","background-type":"","background-media":"","overlay-type":"","overlay-color":"","overlay-opacity":"","overlay-gradient":""},"mobile":{"background-color":"var(--ast-global-color-5)","background-image":"","background-repeat":"repeat","background-position":"center center","background-size":"auto","background-attachment":"scroll","background-type":"","background-media":"","overlay-type":"","overlay-color":"","overlay-opacity":"","overlay-gradient":""}},"footnotes":""},"class_list":["post-1347","page","type-page","status-publish","hentry"],"_links":{"self":[{"href":"https:\/\/darcapressline.com\/pt\/wp-json\/wp\/v2\/pages\/1347","targetHints":{"allow":["GET"]}}],"collection":[{"href":"https:\/\/darcapressline.com\/pt\/wp-json\/wp\/v2\/pages"}],"about":[{"href":"https:\/\/darcapressline.com\/pt\/wp-json\/wp\/v2\/types\/page"}],"author":[{"embeddable":true,"href":"https:\/\/darcapressline.com\/pt\/wp-json\/wp\/v2\/users\/1"}],"replies":[{"embeddable":true,"href":"https:\/\/darcapressline.com\/pt\/wp-json\/wp\/v2\/comments?post=1347"}],"version-history":[{"count":4,"href":"https:\/\/darcapressline.com\/pt\/wp-json\/wp\/v2\/pages\/1347\/revisions"}],"predecessor-version":[{"id":1353,"href":"https:\/\/darcapressline.com\/pt\/wp-json\/wp\/v2\/pages\/1347\/revisions\/1353"}],"wp:attachment":[{"href":"https:\/\/darcapressline.com\/pt\/wp-json\/wp\/v2\/media?parent=1347"}],"curies":[{"name":"wp","href":"https:\/\/api.w.org\/{rel}","templated":true}]}}