{"id":17,"date":"2018-09-18T09:05:39","date_gmt":"2018-09-18T09:05:39","guid":{"rendered":"https:\/\/darcapressline.com\/services\/"},"modified":"2023-08-03T14:51:44","modified_gmt":"2023-08-03T14:51:44","slug":"services","status":"publish","type":"page","link":"https:\/\/darcapressline.com\/fr\/prestations-de-service\/","title":{"rendered":"Prestations de service"},"content":{"rendered":"<div data-elementor-type=\"wp-post\" data-elementor-id=\"17\" class=\"elementor elementor-17\" data-elementor-post-type=\"page\">\n\t\t\t\t\t\t<section class=\"elementor-section elementor-top-section elementor-element elementor-element-61720ff1 elementor-section-content-middle elementor-section-boxed elementor-section-height-default elementor-section-height-default\" data-id=\"61720ff1\" data-element_type=\"section\" data-settings=\"{&quot;background_background&quot;:&quot;classic&quot;}\">\n\t\t\t\t\t\t\t<div class=\"elementor-background-overlay\"><\/div>\n\t\t\t\t\t\t\t<div class=\"elementor-container elementor-column-gap-no\">\n\t\t\t\t\t<div class=\"elementor-column elementor-col-100 elementor-top-column elementor-element elementor-element-5f40600d\" data-id=\"5f40600d\" data-element_type=\"column\">\n\t\t\t<div class=\"elementor-widget-wrap elementor-element-populated\">\n\t\t\t\t\t\t<div class=\"elementor-element elementor-element-657f6e33 elementor-widget elementor-widget-heading\" data-id=\"657f6e33\" data-element_type=\"widget\" data-widget_type=\"heading.default\">\n\t\t\t\t<div class=\"elementor-widget-container\">\n\t\t\t\t\t<h1 class=\"elementor-heading-title elementor-size-default\">Prestations de service<\/h1>\t\t\t\t<\/div>\n\t\t\t\t<\/div>\n\t\t\t\t<div class=\"elementor-element elementor-element-5a2d4d35 elementor-widget elementor-widget-text-editor\" data-id=\"5a2d4d35\" data-element_type=\"widget\" data-widget_type=\"text-editor.default\">\n\t\t\t\t<div class=\"elementor-widget-container\">\n\t\t\t\t\t\t\t\t\t<p><strong>Innovation et qualit\u00e9 \u00e0 votre service<\/strong><\/p><p>Wuxi DARCA Press Co., Ltd est un nom de premier plan dans l&#039;industrie, sp\u00e9cialis\u00e9 dans la conception, la recherche, le d\u00e9veloppement, la production et la fabrication de machines hydrauliques et de syst\u00e8mes hydrauliques. Notre engagement envers la qualit\u00e9 et l&#039;innovation a fait de nous l&#039;un des fabricants et fournisseurs les plus recherch\u00e9s en Chine. Voici ce que nous offrons :<\/p>\t\t\t\t\t\t\t\t<\/div>\n\t\t\t\t<\/div>\n\t\t\t\t\t<\/div>\n\t\t<\/div>\n\t\t\t\t\t<\/div>\n\t\t<\/section>\n\t\t\t\t<section class=\"elementor-section elementor-top-section elementor-element elementor-element-53569744 elementor-section-boxed elementor-section-height-default elementor-section-height-default\" data-id=\"53569744\" data-element_type=\"section\" data-settings=\"{&quot;background_background&quot;:&quot;classic&quot;}\">\n\t\t\t\t\t\t<div class=\"elementor-container elementor-column-gap-no\">\n\t\t\t\t\t<div class=\"elementor-column elementor-col-100 elementor-top-column elementor-element elementor-element-5f3a88d3\" data-id=\"5f3a88d3\" data-element_type=\"column\">\n\t\t\t<div class=\"elementor-widget-wrap elementor-element-populated\">\n\t\t\t\t\t\t<div class=\"elementor-element elementor-element-22468906 elementor-widget elementor-widget-heading\" data-id=\"22468906\" data-element_type=\"widget\" data-widget_type=\"heading.default\">\n\t\t\t\t<div class=\"elementor-widget-container\">\n\t\t\t\t\t<h3 class=\"elementor-heading-title elementor-size-default\">Mon savoir-faire<\/h3>\t\t\t\t<\/div>\n\t\t\t\t<\/div>\n\t\t\t\t<section class=\"elementor-section elementor-inner-section elementor-element elementor-element-546e11c1 elementor-section-boxed elementor-section-height-default elementor-section-height-default\" data-id=\"546e11c1\" data-element_type=\"section\">\n\t\t\t\t\t\t<div class=\"elementor-container elementor-column-gap-no\">\n\t\t\t\t\t<div class=\"elementor-column elementor-col-50 elementor-inner-column elementor-element elementor-element-182144ae\" data-id=\"182144ae\" data-element_type=\"column\">\n\t\t\t<div class=\"elementor-widget-wrap elementor-element-populated\">\n\t\t\t\t\t\t<div class=\"elementor-element elementor-element-81f04f6 elementor-widget elementor-widget-heading\" data-id=\"81f04f6\" data-element_type=\"widget\" data-widget_type=\"heading.default\">\n\t\t\t\t<div class=\"elementor-widget-container\">\n\t\t\t\t\t<h6 class=\"elementor-heading-title elementor-size-default\">01.<\/h6>\t\t\t\t<\/div>\n\t\t\t\t<\/div>\n\t\t\t\t<div class=\"elementor-element elementor-element-5abcb6ae elementor-widget elementor-widget-heading\" data-id=\"5abcb6ae\" data-element_type=\"widget\" data-widget_type=\"heading.default\">\n\t\t\t\t<div class=\"elementor-widget-container\">\n\t\t\t\t\t<h4 class=\"elementor-heading-title elementor-size-default\">Solutions personnalis\u00e9es<\/h4>\t\t\t\t<\/div>\n\t\t\t\t<\/div>\n\t\t\t\t<div class=\"elementor-element elementor-element-5c94b40d elementor-widget elementor-widget-text-editor\" data-id=\"5c94b40d\" data-element_type=\"widget\" data-widget_type=\"text-editor.default\">\n\t\t\t\t<div class=\"elementor-widget-container\">\n\t\t\t\t\t\t\t\t\t<ul><li><strong>Interagir avec les clients et analyser les projets\u00a0:<\/strong> Nous travaillons en \u00e9troite collaboration avec nos clients pour comprendre leurs besoins sp\u00e9cifiques et fournir des solutions sur mesure.<\/li><li><strong>Processus de conception c\u00f4t\u00e9 client\u00a0:<\/strong> Notre processus de conception est centr\u00e9 sur le client, garantissant que chaque produit r\u00e9pond aux exigences du client.<\/li><li><strong>Le d\u00e9lai de livraison le plus court :<\/strong> Nous sommes fiers de notre syst\u00e8me de livraison efficace, garantissant que vous recevez vos produits \u00e0 temps.<\/li><li><strong>Installation, d\u00e9bogage et formation sur site\u00a0:<\/strong> Notre \u00e9quipe d&#039;experts vous assistera dans l&#039;installation et le d\u00e9bogage des machines, ainsi que la formation sur place.<\/li><\/ul>\t\t\t\t\t\t\t\t<\/div>\n\t\t\t\t<\/div>\n\t\t\t\t\t<\/div>\n\t\t<\/div>\n\t\t\t\t<div class=\"elementor-column elementor-col-50 elementor-inner-column elementor-element elementor-element-77281dc6\" data-id=\"77281dc6\" data-element_type=\"column\">\n\t\t\t<div class=\"elementor-widget-wrap elementor-element-populated\">\n\t\t\t\t\t\t<div class=\"elementor-element elementor-element-76b76a5e elementor-widget elementor-widget-heading\" data-id=\"76b76a5e\" data-element_type=\"widget\" data-widget_type=\"heading.default\">\n\t\t\t\t<div class=\"elementor-widget-container\">\n\t\t\t\t\t<h6 class=\"elementor-heading-title elementor-size-default\">02.<\/h6>\t\t\t\t<\/div>\n\t\t\t\t<\/div>\n\t\t\t\t<div class=\"elementor-element elementor-element-44366da8 elementor-widget elementor-widget-heading\" data-id=\"44366da8\" data-element_type=\"widget\" data-widget_type=\"heading.default\">\n\t\t\t\t<div class=\"elementor-widget-container\">\n\t\t\t\t\t<h4 class=\"elementor-heading-title elementor-size-default\">Produits de qualit\u00e9<\/h4>\t\t\t\t<\/div>\n\t\t\t\t<\/div>\n\t\t\t\t<div class=\"elementor-element elementor-element-69bcc625 elementor-widget elementor-widget-text-editor\" data-id=\"69bcc625\" data-element_type=\"widget\" data-widget_type=\"text-editor.default\">\n\t\t\t\t<div class=\"elementor-widget-container\">\n\t\t\t\t\t\t\t\t\t<ul><li><strong>Presses \u00e0 chaud\u00a0:<\/strong> Des presses \u00e0 chaud pour laminage de m\u00e9lamine \u00e0 cycle court MDF \u00e0 la presse \u00e0 chaud en contreplaqu\u00e9 multicouche pour le travail du bois, nous proposons une large gamme de presses \u00e0 chaud de qualit\u00e9.<\/li><li><strong>Accessoires:<\/strong> Nous fournissons tous les accessoires n\u00e9cessaires pour compl\u00e9ter nos machines.<\/li><li><strong>Presses \u00e0 porte\u00a0:<\/strong> Nos presses \u00e0 porte et presses \u00e0 chaud pour portes sont r\u00e9put\u00e9es pour leur efficacit\u00e9 et leur qualit\u00e9.<\/li><\/ul>\t\t\t\t\t\t\t\t<\/div>\n\t\t\t\t<\/div>\n\t\t\t\t\t<\/div>\n\t\t<\/div>\n\t\t\t\t\t<\/div>\n\t\t<\/section>\n\t\t\t\t<section class=\"elementor-section elementor-inner-section elementor-element elementor-element-65d9301c elementor-section-boxed elementor-section-height-default elementor-section-height-default\" data-id=\"65d9301c\" data-element_type=\"section\">\n\t\t\t\t\t\t<div class=\"elementor-container elementor-column-gap-no\">\n\t\t\t\t\t<div class=\"elementor-column elementor-col-50 elementor-inner-column elementor-element elementor-element-10e4c51b\" data-id=\"10e4c51b\" data-element_type=\"column\">\n\t\t\t<div class=\"elementor-widget-wrap elementor-element-populated\">\n\t\t\t\t\t\t<div class=\"elementor-element elementor-element-2627fb6b elementor-widget elementor-widget-heading\" data-id=\"2627fb6b\" data-element_type=\"widget\" data-widget_type=\"heading.default\">\n\t\t\t\t<div class=\"elementor-widget-container\">\n\t\t\t\t\t<h6 class=\"elementor-heading-title elementor-size-default\">03.<\/h6>\t\t\t\t<\/div>\n\t\t\t\t<\/div>\n\t\t\t\t<div class=\"elementor-element elementor-element-35168a8f elementor-widget elementor-widget-heading\" data-id=\"35168a8f\" data-element_type=\"widget\" data-widget_type=\"heading.default\">\n\t\t\t\t<div class=\"elementor-widget-container\">\n\t\t\t\t\t<h4 class=\"elementor-heading-title elementor-size-default\">Assistance apr\u00e8s-vente<\/h4>\t\t\t\t<\/div>\n\t\t\t\t<\/div>\n\t\t\t\t<div class=\"elementor-element elementor-element-408b8a4d elementor-widget elementor-widget-text-editor\" data-id=\"408b8a4d\" data-element_type=\"widget\" data-widget_type=\"text-editor.default\">\n\t\t\t\t<div class=\"elementor-widget-container\">\n\t\t\t\t\t\t\t\t\t<ul><li><strong>Visite de retour client\u00a0:<\/strong> Nous appr\u00e9cions nos clients et assurons des suivis r\u00e9guliers pour recueillir des commentaires et fournir un soutien continu.<\/li><li><strong>Disponibilit\u00e9 des pi\u00e8ces de rechange\u00a0:<\/strong> Les pi\u00e8ces de rechange pour nos machines sont toujours disponibles, garantissant des op\u00e9rations ininterrompues.<\/li><li><strong>24 heures en veille\u00a0:<\/strong> Notre \u00e9quipe d&#039;assistance est disponible 24h\/24 et 7j\/7 pour vous aider en cas de questions ou de probl\u00e8mes.<\/li><\/ul>\t\t\t\t\t\t\t\t<\/div>\n\t\t\t\t<\/div>\n\t\t\t\t\t<\/div>\n\t\t<\/div>\n\t\t\t\t<div class=\"elementor-column elementor-col-50 elementor-inner-column elementor-element elementor-element-516d54e8\" data-id=\"516d54e8\" data-element_type=\"column\">\n\t\t\t<div class=\"elementor-widget-wrap elementor-element-populated\">\n\t\t\t\t\t\t<div class=\"elementor-element elementor-element-39293386 elementor-widget elementor-widget-heading\" data-id=\"39293386\" data-element_type=\"widget\" data-widget_type=\"heading.default\">\n\t\t\t\t<div class=\"elementor-widget-container\">\n\t\t\t\t\t<h6 class=\"elementor-heading-title elementor-size-default\">04.<\/h6>\t\t\t\t<\/div>\n\t\t\t\t<\/div>\n\t\t\t\t<div class=\"elementor-element elementor-element-1095ba71 elementor-widget elementor-widget-heading\" data-id=\"1095ba71\" data-element_type=\"widget\" data-widget_type=\"heading.default\">\n\t\t\t\t<div class=\"elementor-widget-container\">\n\t\t\t\t\t<h4 class=\"elementor-heading-title elementor-size-default\">Savoir et savoir-faire<\/h4>\t\t\t\t<\/div>\n\t\t\t\t<\/div>\n\t\t\t\t<div class=\"elementor-element elementor-element-263692 elementor-widget elementor-widget-text-editor\" data-id=\"263692\" data-element_type=\"widget\" data-widget_type=\"text-editor.default\">\n\t\t\t\t<div class=\"elementor-widget-container\">\n\t\t\t\t\t\t\t\t\t<ul><li><strong>Manuels d&#039;utilisation de la presse \u00e0 chaud\u00a0:<\/strong> Nous fournissons des guides et des manuels complets pour vous aider \u00e0 utiliser nos machines.<\/li><li><strong>Solutions et avantages\u00a0:<\/strong> Notre \u00e9quipe d&#039;experts propose des solutions aux probl\u00e8mes courants et partage les avantages de l&#039;utilisation de technologies sp\u00e9cifiques telles que le chauffage de l&#039;huile de transfert de chaleur dans les presses \u00e0 chaud multicouches.<\/li><\/ul>\t\t\t\t\t\t\t\t<\/div>\n\t\t\t\t<\/div>\n\t\t\t\t\t<\/div>\n\t\t<\/div>\n\t\t\t\t\t<\/div>\n\t\t<\/section>\n\t\t\t\t\t<\/div>\n\t\t<\/div>\n\t\t\t\t\t<\/div>\n\t\t<\/section>\n\t\t\t\t<\/div>","protected":false},"excerpt":{"rendered":"<p>Services\u00a0: Innovation et qualit\u00e9 \u00e0 votre service. Wuxi DARCA Press Co., Ltd est un leader du secteur, sp\u00e9cialis\u00e9 dans la conception, la recherche, le d\u00e9veloppement, la production et la fabrication de machines et de syst\u00e8mes hydrauliques. Notre engagement envers la qualit\u00e9 et l&#039;innovation a fait de nous l&#039;un des fabricants et fournisseurs les plus recherch\u00e9s en Chine. Voici ce que nous proposons\u00a0: [\u2026]<\/p>","protected":false},"author":1,"featured_media":0,"parent":0,"menu_order":0,"comment_status":"closed","ping_status":"closed","template":"","meta":{"_seopress_robots_primary_cat":"","_seopress_titles_title":"","_seopress_titles_desc":"","_seopress_robots_index":"","site-sidebar-layout":"no-sidebar","site-content-layout":"page-builder","ast-site-content-layout":"","site-content-style":"default","site-sidebar-style":"default","ast-global-header-display":"","ast-banner-title-visibility":"","ast-main-header-display":"","ast-hfb-above-header-display":"","ast-hfb-below-header-display":"","ast-hfb-mobile-header-display":"","site-post-title":"disabled","ast-breadcrumbs-content":"","ast-featured-img":"disabled","footer-sml-layout":"","theme-transparent-header-meta":"enabled","adv-header-id-meta":"","stick-header-meta":"","header-above-stick-meta":"","header-main-stick-meta":"","header-below-stick-meta":"","astra-migrate-meta-layouts":"default","ast-page-background-enabled":"default","ast-page-background-meta":{"desktop":{"background-color":"","background-image":"","background-repeat":"repeat","background-position":"center center","background-size":"auto","background-attachment":"scroll","background-type":"","background-media":"","overlay-type":"","overlay-color":"","overlay-opacity":"","overlay-gradient":""},"tablet":{"background-color":"","background-image":"","background-repeat":"repeat","background-position":"center center","background-size":"auto","background-attachment":"scroll","background-type":"","background-media":"","overlay-type":"","overlay-color":"","overlay-opacity":"","overlay-gradient":""},"mobile":{"background-color":"","background-image":"","background-repeat":"repeat","background-position":"center center","background-size":"auto","background-attachment":"scroll","background-type":"","background-media":"","overlay-type":"","overlay-color":"","overlay-opacity":"","overlay-gradient":""}},"ast-content-background-meta":{"desktop":{"background-color":"var(--ast-global-color-5)","background-image":"","background-repeat":"repeat","background-position":"center center","background-size":"auto","background-attachment":"scroll","background-type":"","background-media":"","overlay-type":"","overlay-color":"","overlay-opacity":"","overlay-gradient":""},"tablet":{"background-color":"var(--ast-global-color-5)","background-image":"","background-repeat":"repeat","background-position":"center center","background-size":"auto","background-attachment":"scroll","background-type":"","background-media":"","overlay-type":"","overlay-color":"","overlay-opacity":"","overlay-gradient":""},"mobile":{"background-color":"var(--ast-global-color-5)","background-image":"","background-repeat":"repeat","background-position":"center center","background-size":"auto","background-attachment":"scroll","background-type":"","background-media":"","overlay-type":"","overlay-color":"","overlay-opacity":"","overlay-gradient":""}},"footnotes":""},"class_list":["post-17","page","type-page","status-publish","hentry"],"_links":{"self":[{"href":"https:\/\/darcapressline.com\/fr\/wp-json\/wp\/v2\/pages\/17","targetHints":{"allow":["GET"]}}],"collection":[{"href":"https:\/\/darcapressline.com\/fr\/wp-json\/wp\/v2\/pages"}],"about":[{"href":"https:\/\/darcapressline.com\/fr\/wp-json\/wp\/v2\/types\/page"}],"author":[{"embeddable":true,"href":"https:\/\/darcapressline.com\/fr\/wp-json\/wp\/v2\/users\/1"}],"replies":[{"embeddable":true,"href":"https:\/\/darcapressline.com\/fr\/wp-json\/wp\/v2\/comments?post=17"}],"version-history":[{"count":4,"href":"https:\/\/darcapressline.com\/fr\/wp-json\/wp\/v2\/pages\/17\/revisions"}],"predecessor-version":[{"id":849,"href":"https:\/\/darcapressline.com\/fr\/wp-json\/wp\/v2\/pages\/17\/revisions\/849"}],"wp:attachment":[{"href":"https:\/\/darcapressline.com\/fr\/wp-json\/wp\/v2\/media?parent=17"}],"curies":[{"name":"wp","href":"https:\/\/api.w.org\/{rel}","templated":true}]}}